{"id":233,"date":"2024-03-10T16:31:58","date_gmt":"2024-03-10T15:31:58","guid":{"rendered":"https:\/\/ghvburscheid1959.de\/?page_id=233"},"modified":"2026-02-22T16:45:52","modified_gmt":"2026-02-22T15:45:52","slug":"datenschutz-impressum","status":"publish","type":"page","link":"https:\/\/ghvburscheid1959.de\/index.php\/datenschutz-impressum\/","title":{"rendered":"Datenschutz\/Impressum"},"content":{"rendered":"\t\t<div data-elementor-type=\"wp-page\" data-elementor-id=\"233\" class=\"elementor elementor-233\">\n\t\t\t\t<div class=\"elementor-element elementor-element-a82990c e-flex e-con-boxed e-con e-parent\" data-id=\"a82990c\" data-element_type=\"container\">\n\t\t\t\t\t<div class=\"e-con-inner\">\n\t\t\t\t<div class=\"elementor-element elementor-element-c983ff7 elementor-widget elementor-widget-heading\" data-id=\"c983ff7\" data-element_type=\"widget\" data-widget_type=\"heading.default\">\n\t\t\t\t<div class=\"elementor-widget-container\">\n\t\t\t\t\t<h2 class=\"elementor-heading-title elementor-size-default\">Impressum<\/h2>\t\t\t\t<\/div>\n\t\t\t\t<\/div>\n\t\t\t\t<div class=\"elementor-element elementor-element-1eed034 elementor-widget elementor-widget-text-editor\" data-id=\"1eed034\" data-element_type=\"widget\" data-widget_type=\"text-editor.default\">\n\t\t\t\t<div class=\"elementor-widget-container\">\n\t\t\t\t\t\t\t\t\t<p>GHV Burscheid, HP, Impressum<\/p>\n<p><strong>Gesch\u00e4ftsstelle:<\/strong><\/p>\n<p>Gebrauchshundeverein Burscheid e.V.<\/p>\n<p>J\u00fcrgen Schroer<\/p>\n<p>Kaltenherberg 32<\/p>\n<p>51399 Burscheid<\/p>\n<p>E-Mail: &nbsp;jojoschroer@t-online.de<\/p>\n<p><strong>Register-Gericht:<\/strong><\/p>\n<p>Amtsgericht K\u00f6ln, Vereinsregister Nr. 400807<\/p>\t\t\t\t\t\t\t\t<\/div>\n\t\t\t\t<\/div>\n\t\t\t\t\t<\/div>\n\t\t\t\t<\/div>\n\t\t<div class=\"elementor-element elementor-element-98d9f64 e-flex e-con-boxed e-con e-parent\" data-id=\"98d9f64\" data-element_type=\"container\">\n\t\t\t\t\t<div class=\"e-con-inner\">\n\t\t\t\t<div class=\"elementor-element elementor-element-571edc3 elementor-widget-divider--view-line elementor-widget elementor-widget-divider\" data-id=\"571edc3\" data-element_type=\"widget\" data-widget_type=\"divider.default\">\n\t\t\t\t<div class=\"elementor-widget-container\">\n\t\t\t\t\t\t\t<div class=\"elementor-divider\">\n\t\t\t<span class=\"elementor-divider-separator\">\n\t\t\t\t\t\t<\/span>\n\t\t<\/div>\n\t\t\t\t\t\t<\/div>\n\t\t\t\t<\/div>\n\t\t\t\t\t<\/div>\n\t\t\t\t<\/div>\n\t\t<div class=\"elementor-element elementor-element-a0fc50c e-flex e-con-boxed e-con e-parent\" data-id=\"a0fc50c\" data-element_type=\"container\">\n\t\t\t\t\t<div class=\"e-con-inner\">\n\t\t\t\t<div class=\"elementor-element elementor-element-da60d06 elementor-widget elementor-widget-heading\" data-id=\"da60d06\" data-element_type=\"widget\" data-widget_type=\"heading.default\">\n\t\t\t\t<div class=\"elementor-widget-container\">\n\t\t\t\t\t<h2 class=\"elementor-heading-title elementor-size-default\">Datenschutzerkl\u00e4rung<\/h2>\t\t\t\t<\/div>\n\t\t\t\t<\/div>\n\t\t\t\t<div class=\"elementor-element elementor-element-8824257 elementor-widget elementor-widget-text-editor\" data-id=\"8824257\" data-element_type=\"widget\" data-widget_type=\"text-editor.default\">\n\t\t\t\t<div class=\"elementor-widget-container\">\n\t\t\t\t\t\t\t\t\t<p><strong>Datenschutzerkl\u00e4rung Internet<\/strong><\/p><p>\u00a0<\/p><p>Wir behandeln Ihre personenbezogenen Daten vertraulich und entsprechend der gesetzlichen Datenschutzvorschriften sowie dieser, nach den Vorgaben der europ\u00e4ischen Datenschutzgrundverordnung (DSGVO) gestalteten Datenschutzerkl\u00e4rung.<\/p><p>\u00a0<\/p><p>Die Nutzung unserer Website ist in der Regel ohne Angabe personenbezogener Daten m\u00f6glich. Soweit auf unseren Seiten personenbezogene Daten (beispielsweise Name, Anschrift oder E-Mail-Adresse) erhoben werden, erfolgt dies, soweit m\u00f6glich, stets auf freiwilliger Basis. Diese Daten werden ohne Ihre ausdr\u00fcckliche Zustimmung nicht an Dritte weitergegeben.<\/p><p>\u00a0<\/p><p>Wir weisen darauf hin, dass die Daten\u00fcbertragung im Internet (z.B. bei der Kommunikation per E-Mail) Sicherheitsl\u00fccken aufweisen kann. Ein l\u00fcckenloser Schutz der Daten vor dem Zugriff durch Dritte ist nicht m\u00f6glich.<\/p><p>\u00a0<\/p><p>Der zur Bereitstellung dieser Website verwendete Webserver erhebt und speichert automatisch Informationen in so genannten Server Logfiles, die Ihr Browser automatisch an uns \u00fcbermittelt. Dies sind:<\/p><ul><li>IP-Adresse des zugreifenden Rechners<\/li><li>Uhrzeit der Serveranfrage<\/li><li>abgerufene Seiteninformation (z.B. Name der HTML-Seite, des Bildes etc.)<\/li><li>Browsertyp und Browserversion<\/li><li>verwendetes Betriebssystem<\/li><\/ul><p>\u00a0<\/p><p>Diese Daten sind nicht bestimmten Personen zuordenbar. Eine Zusammenf\u00fchrung dieser Daten mit anderen Datenquellen wird nicht vorgenommen. Wir behalten uns vor, diese Daten nachtr\u00e4glich zu pr\u00fcfen, wenn uns konkrete Anhaltspunkte f\u00fcr eine rechtswidrige Nutzung bekannt werden. Ansonsten erfolgt eine automatische L\u00f6schung nach 30 Tagen.<\/p><p>\u00a0<\/p><p>Gem\u00e4\u00df der europ\u00e4ischen Datenschutzgrundverordnung (DSGVO) haben Sie die folgenden Rechte:<\/p><p>\u00a0<\/p><p><u>Auskunftsrecht:<\/u><\/p><p>Sie haben das Recht, von uns eine Best\u00e4tigung dar\u00fcber zu verlangen, ob wir personenbezogene Daten von Ihnen verarbeiten. Ist dies der Fall, dann haben Sie ein Recht auf Auskunft \u00fcber diese Daten, insbesondere auf die in Art. 15 DSGVO genannten Informationen.<\/p><p>\u00a0<\/p><p><u>Recht auf Berichtigung:\u00a0<\/u><\/p><p>\u00a0<\/p><p>Sie haben das Recht, eine Berichtigung unrichtiger personenbezogener Daten bzw. eine Erg\u00e4nzung unvollst\u00e4ndiger personenbezogener Daten zu verlangen.<\/p><p>\u00a0<\/p><p><u>Recht auf L\u00f6schung:\u00a0<\/u><\/p><p>\u00a0<\/p><p>Sie haben das Recht auf L\u00f6schung Ihrer bei uns gespeicherten personenbezogenen Daten, sofern die nicht mehr zur Erf\u00fcllung eines Rechtsgesch\u00e4ftes ben\u00f6tigt werden oder keine gesetzlichen Aufbewahrungsfristen dem entgegenstehen.<\/p><p>\u00a0<\/p><p><u>Recht auf Einschr\u00e4nkung der Verarbeitung:<\/u><\/p><p>\u00a0<\/p><p>Beim Vorliegen einer der in Art. 18 DSGVO genannten Gr\u00fcnde, haben Sie das Recht, von uns die Einschr\u00e4nkung der Verarbeitung Ihrer personenbezogenen Daten zu verlangen.<\/p><p>\u00a0<\/p><p><u>Widerspruchsrecht:<\/u><\/p><p>\u00a0<\/p><p>Sie haben jederzeit das Recht, der Verarbeitung Ihrer personenbezogenen Daten zu widersprechen.<\/p><p>\u00a0<\/p><p><u>Recht auf Daten\u00fcbertragbarkeit:<\/u><\/p><p>\u00a0<\/p><p>Sie haben das Recht die Sie betreffenden personenbezogenen Daten nach Ma\u00dfgabe von Art. 20 DSGVO in einem strukturierten, g\u00e4ngigen und maschinenlesbaren Format von uns zu erhalten.<\/p><p>\u00a0<\/p><p><u>Beschwerderecht bei einer Aufsichtsbeh\u00f6rde:\u00a0<\/u><\/p><p>\u00a0<\/p><p>\u00a0<\/p><p>Sie haben das Recht, sich bei einer Aufsichtsbeh\u00f6rde \u00fcber uns zu beschweren.<\/p>\t\t\t\t\t\t\t\t<\/div>\n\t\t\t\t<\/div>\n\t\t\t\t\t<\/div>\n\t\t\t\t<\/div>\n\t\t\t\t<\/div>\n\t\t","protected":false},"excerpt":{"rendered":"<p>Impressum GHV Burscheid, HP, Impressum Gesch\u00e4ftsstelle: Gebrauchshundeverein Burscheid e.V. J\u00fcrgen Schroer Kaltenherberg 32 51399 Burscheid E-Mail: &nbsp;jojoschroer@t-online.de Register-Gericht: Amtsgericht K\u00f6ln, Vereinsregister Nr. 400807 Datenschutzerkl\u00e4rung Datenschutzerkl\u00e4rung Internet \u00a0 Wir behandeln Ihre personenbezogenen Daten vertraulich und entsprechend der gesetzlichen Datenschutzvorschriften sowie dieser, nach den Vorgaben der europ\u00e4ischen Datenschutzgrundverordnung (DSGVO) gestalteten Datenschutzerkl\u00e4rung. \u00a0 Die Nutzung unserer Website ist [&hellip;]<\/p>\n","protected":false},"author":1,"featured_media":0,"parent":0,"menu_order":0,"comment_status":"closed","ping_status":"closed","template":"","meta":{"footnotes":""},"class_list":["post-233","page","type-page","status-publish","hentry"],"aioseo_notices":[],"_links":{"self":[{"href":"https:\/\/ghvburscheid1959.de\/index.php\/wp-json\/wp\/v2\/pages\/233","targetHints":{"allow":["GET"]}}],"collection":[{"href":"https:\/\/ghvburscheid1959.de\/index.php\/wp-json\/wp\/v2\/pages"}],"about":[{"href":"https:\/\/ghvburscheid1959.de\/index.php\/wp-json\/wp\/v2\/types\/page"}],"author":[{"embeddable":true,"href":"https:\/\/ghvburscheid1959.de\/index.php\/wp-json\/wp\/v2\/users\/1"}],"replies":[{"embeddable":true,"href":"https:\/\/ghvburscheid1959.de\/index.php\/wp-json\/wp\/v2\/comments?post=233"}],"version-history":[{"count":40,"href":"https:\/\/ghvburscheid1959.de\/index.php\/wp-json\/wp\/v2\/pages\/233\/revisions"}],"predecessor-version":[{"id":1270,"href":"https:\/\/ghvburscheid1959.de\/index.php\/wp-json\/wp\/v2\/pages\/233\/revisions\/1270"}],"wp:attachment":[{"href":"https:\/\/ghvburscheid1959.de\/index.php\/wp-json\/wp\/v2\/media?parent=233"}],"curies":[{"name":"wp","href":"https:\/\/api.w.org\/{rel}","templated":true}]}}