{"id":193,"date":"2024-03-03T17:54:32","date_gmt":"2024-03-03T16:54:32","guid":{"rendered":"https:\/\/ghvburscheid1959.de\/?page_id=193"},"modified":"2024-06-26T14:13:47","modified_gmt":"2024-06-26T12:13:47","slug":"turnierhundsport","status":"publish","type":"page","link":"https:\/\/ghvburscheid1959.de\/index.php\/angebote\/turnierhundsport\/","title":{"rendered":"Turnierhundsport"},"content":{"rendered":"\t\t<div data-elementor-type=\"wp-page\" data-elementor-id=\"193\" class=\"elementor elementor-193\">\n\t\t\t\t<div class=\"elementor-element elementor-element-393ceea e-flex e-con-boxed e-con e-parent\" data-id=\"393ceea\" data-element_type=\"container\">\n\t\t\t\t\t<div class=\"e-con-inner\">\n\t\t<div class=\"elementor-element elementor-element-dc39b15 e-con-full e-flex e-con e-child\" data-id=\"dc39b15\" data-element_type=\"container\">\n\t\t\t\t<div class=\"elementor-element elementor-element-eed83c9 elementor-widget elementor-widget-heading\" data-id=\"eed83c9\" data-element_type=\"widget\" data-widget_type=\"heading.default\">\n\t\t\t\t<div class=\"elementor-widget-container\">\n\t\t\t\t\t<h2 class=\"elementor-heading-title elementor-size-default\">THS\n<\/h2>\t\t\t\t<\/div>\n\t\t\t\t<\/div>\n\t\t\t\t<div class=\"elementor-element elementor-element-bc47a17 elementor-widget elementor-widget-text-editor\" data-id=\"bc47a17\" data-element_type=\"widget\" data-widget_type=\"text-editor.default\">\n\t\t\t\t<div class=\"elementor-widget-container\">\n\t\t\t\t\t\t\t\t\t<p><strong>Gehorsams\u00fcbung<\/strong><\/p><p>Ohne Gehorsam l\u00e4uft im Hundesport gar nichts, also geh\u00f6ren zum Beispiel die Leinenf\u00fchrigkeit, Freifolge, Sitz- und Platz\u00fcbungen mit dazu.<\/p><p><strong>H\u00fcrdenlauf<\/strong><\/p><p>Der H\u00fcrdenlauf verlangt vom Hundesportler gleich zwei Anforderungen: Schnelligkeit und Kraft. W\u00e4hrend wir als Menschen dieses trainieren m\u00fcssen, bringt der Hund solche Voraussetzungen in aller Regel schon mit. Im Vierkampf 1, also der &#8222;Einsteigerklasse&#8220;, haben Hund und Hundef\u00fchrer eine 60 Meter lange Sprintstrecke gemeinsam und parallel zu bew\u00e4ltigen, wobei der Hund vier H\u00fcrden in h\u00f6he von 40 Zentimetern zu \u00fcberwinden hat.<\/p><p><strong>Slalomlauf<\/strong><\/p><p>Mit gekonntem Zusammenspiel von Herrchen\/Frauchen und Hund bew\u00e4ltigen diese gemeinsam einen Zick-Zack-Kurs aus 1,40m breiten Slalomtoren. Hundef\u00fchrer und\u00a0 Hund m\u00fcssen beide die Tore passieren und d\u00fcrfen keine Stangen auslassen.<\/p><p><strong>Hindernislauf<\/strong><\/p><p>Hier gibt es eine Jogging-Strecke: \u00a0beispielsweise mit H\u00fcrden, Schr\u00e4gwand, Tunnel, einem 65 Zentimeter hohen Laufdiel, einem Durchsprung oder einem Hoch-Weit-Sprung. Dabei arbeitet der Hund, w\u00e4hrend der Hundef\u00fchrer neben den Ger\u00e4ten herl\u00e4uft.<\/p>\t\t\t\t\t\t\t\t<\/div>\n\t\t\t\t<\/div>\n\t\t\t\t<\/div>\n\t\t<div class=\"elementor-element elementor-element-16fe410 e-con-full e-flex e-con e-child\" data-id=\"16fe410\" data-element_type=\"container\">\n\t\t\t\t<div class=\"elementor-element elementor-element-12e4987 elementor-widget elementor-widget-image\" data-id=\"12e4987\" data-element_type=\"widget\" data-widget_type=\"image.default\">\n\t\t\t\t<div class=\"elementor-widget-container\">\n\t\t\t\t\t\t\t\t\t\t\t\t\t\t\t<img fetchpriority=\"high\" decoding=\"async\" width=\"559\" height=\"453\" src=\"https:\/\/ghvburscheid1959.de\/wp-content\/uploads\/2024\/03\/THS1.jpg\" class=\"attachment-large size-large wp-image-300\" alt=\"\" \/>\t\t\t\t\t\t\t\t\t\t\t\t\t\t\t<\/div>\n\t\t\t\t<\/div>\n\t\t\t\t<\/div>\n\t\t<div class=\"elementor-element elementor-element-e37f47a e-con-full e-flex e-con e-child\" data-id=\"e37f47a\" data-element_type=\"container\">\n\t\t\t\t<div class=\"elementor-element elementor-element-752d2da elementor-widget elementor-widget-image\" data-id=\"752d2da\" data-element_type=\"widget\" data-widget_type=\"image.default\">\n\t\t\t\t<div class=\"elementor-widget-container\">\n\t\t\t\t\t\t\t\t\t\t\t\t\t\t\t<img decoding=\"async\" width=\"819\" height=\"461\" src=\"https:\/\/ghvburscheid1959.de\/wp-content\/uploads\/2024\/03\/THS2-1.jpg\" class=\"attachment-large size-large wp-image-301\" alt=\"\" \/>\t\t\t\t\t\t\t\t\t\t\t\t\t\t\t<\/div>\n\t\t\t\t<\/div>\n\t\t\t\t<\/div>\n\t\t<div class=\"elementor-element elementor-element-3ee2709 e-con-full e-flex e-con e-child\" data-id=\"3ee2709\" data-element_type=\"container\">\n\t\t\t\t<\/div>\n\t\t\t\t\t<\/div>\n\t\t\t\t<\/div>\n\t\t\t\t<\/div>\n\t\t","protected":false},"excerpt":{"rendered":"<p>THS Gehorsams\u00fcbung Ohne Gehorsam l\u00e4uft im Hundesport gar nichts, also geh\u00f6ren zum Beispiel die Leinenf\u00fchrigkeit, Freifolge, Sitz- und Platz\u00fcbungen mit dazu. H\u00fcrdenlauf Der H\u00fcrdenlauf verlangt vom Hundesportler gleich zwei Anforderungen: Schnelligkeit und Kraft. W\u00e4hrend wir als Menschen dieses trainieren m\u00fcssen, bringt der Hund solche Voraussetzungen in aller Regel schon mit. Im Vierkampf 1, also der [&hellip;]<\/p>\n","protected":false},"author":1,"featured_media":0,"parent":88,"menu_order":0,"comment_status":"closed","ping_status":"closed","template":"","meta":{"footnotes":""},"class_list":["post-193","page","type-page","status-publish","hentry"],"aioseo_notices":[],"_links":{"self":[{"href":"https:\/\/ghvburscheid1959.de\/index.php\/wp-json\/wp\/v2\/pages\/193","targetHints":{"allow":["GET"]}}],"collection":[{"href":"https:\/\/ghvburscheid1959.de\/index.php\/wp-json\/wp\/v2\/pages"}],"about":[{"href":"https:\/\/ghvburscheid1959.de\/index.php\/wp-json\/wp\/v2\/types\/page"}],"author":[{"embeddable":true,"href":"https:\/\/ghvburscheid1959.de\/index.php\/wp-json\/wp\/v2\/users\/1"}],"replies":[{"embeddable":true,"href":"https:\/\/ghvburscheid1959.de\/index.php\/wp-json\/wp\/v2\/comments?post=193"}],"version-history":[{"count":25,"href":"https:\/\/ghvburscheid1959.de\/index.php\/wp-json\/wp\/v2\/pages\/193\/revisions"}],"predecessor-version":[{"id":507,"href":"https:\/\/ghvburscheid1959.de\/index.php\/wp-json\/wp\/v2\/pages\/193\/revisions\/507"}],"up":[{"embeddable":true,"href":"https:\/\/ghvburscheid1959.de\/index.php\/wp-json\/wp\/v2\/pages\/88"}],"wp:attachment":[{"href":"https:\/\/ghvburscheid1959.de\/index.php\/wp-json\/wp\/v2\/media?parent=193"}],"curies":[{"name":"wp","href":"https:\/\/api.w.org\/{rel}","templated":true}]}}