{"id":183,"date":"2024-03-03T17:34:00","date_gmt":"2024-03-03T16:34:00","guid":{"rendered":"https:\/\/ghvburscheid1959.de\/?page_id=183"},"modified":"2025-08-29T18:28:25","modified_gmt":"2025-08-29T16:28:25","slug":"spiel-sport-spass","status":"publish","type":"page","link":"https:\/\/ghvburscheid1959.de\/index.php\/angebote\/spiel-sport-spass\/","title":{"rendered":"Spiel-Sport-Spa\u00df"},"content":{"rendered":"\t\t<div data-elementor-type=\"wp-page\" data-elementor-id=\"183\" class=\"elementor elementor-183\">\n\t\t\t\t<div class=\"elementor-element elementor-element-b3c7ed6 e-flex e-con-boxed e-con e-parent\" data-id=\"b3c7ed6\" data-element_type=\"container\">\n\t\t\t\t\t<div class=\"e-con-inner\">\n\t\t<div class=\"elementor-element elementor-element-70b306a e-con-full e-flex e-con e-child\" data-id=\"70b306a\" data-element_type=\"container\">\n\t\t\t\t<div class=\"elementor-element elementor-element-d443f6c elementor-widget elementor-widget-heading\" data-id=\"d443f6c\" data-element_type=\"widget\" data-widget_type=\"heading.default\">\n\t\t\t\t<div class=\"elementor-widget-container\">\n\t\t\t\t\t<h2 class=\"elementor-heading-title elementor-size-default\">Spiel-Sport-Spa\u00df<\/h2>\t\t\t\t<\/div>\n\t\t\t\t<\/div>\n\t\t\t\t<div class=\"elementor-element elementor-element-405762f elementor-widget elementor-widget-text-editor\" data-id=\"405762f\" data-element_type=\"widget\" data-widget_type=\"text-editor.default\">\n\t\t\t\t<div class=\"elementor-widget-container\">\n\t\t\t\t\t\t\t\t\t<p>\u201eSpielend lernen\u201c ist hier das Motto.<\/p><p>Unsere Gruppe ist abwechslungsreich und vielseitig.<\/p><p>Durch kleine \u00dcbungen f\u00f6rdern wir spielerisch die Impulskontrolle und Frustrationstoleranz<\/p><p>Deines Hundes.<\/p><p>Ohne Leistungsdruck kannst Du mit Deinem Hund einige Spiele und Sportsequenzen kennen lernen, die Euch beiden Freude machen:<\/p><p>z.B. Sportger\u00e4te, Laufen in kleinen Parcours, Longieren, Tricks und Spiele mit verschieden Materialien geh\u00f6ren dazu.<\/p><p>Dabei ist uns die Individualit\u00e4t (St\u00e4rken und Schw\u00e4chen) jedes einzelnen Hundes sehr wichtig<\/p>\t\t\t\t\t\t\t\t<\/div>\n\t\t\t\t<\/div>\n\t\t\t\t<\/div>\n\t\t<div class=\"elementor-element elementor-element-2c7b079 e-con-full e-flex e-con e-child\" data-id=\"2c7b079\" data-element_type=\"container\">\n\t\t\t\t<div class=\"elementor-element elementor-element-82ba40d elementor-widget elementor-widget-image\" data-id=\"82ba40d\" data-element_type=\"widget\" data-widget_type=\"image.default\">\n\t\t\t\t<div class=\"elementor-widget-container\">\n\t\t\t\t\t\t\t\t\t\t\t\t\t\t\t<img fetchpriority=\"high\" decoding=\"async\" width=\"300\" height=\"169\" src=\"https:\/\/ghvburscheid1959.de\/wp-content\/uploads\/2024\/03\/SSS1.jpg\" class=\"attachment-medium size-medium wp-image-294\" alt=\"\" \/>\t\t\t\t\t\t\t\t\t\t\t\t\t\t\t<\/div>\n\t\t\t\t<\/div>\n\t\t\t\t<div class=\"elementor-element elementor-element-6755b13 elementor-widget elementor-widget-image\" data-id=\"6755b13\" data-element_type=\"widget\" data-widget_type=\"image.default\">\n\t\t\t\t<div class=\"elementor-widget-container\">\n\t\t\t\t\t\t\t\t\t\t\t\t\t\t\t<img decoding=\"async\" width=\"300\" height=\"278\" src=\"https:\/\/ghvburscheid1959.de\/wp-content\/uploads\/2024\/08\/IMG_2662-300x278.jpeg\" class=\"attachment-medium size-medium wp-image-711\" alt=\"\" srcset=\"https:\/\/ghvburscheid1959.de\/wp-content\/uploads\/2024\/08\/IMG_2662-300x278.jpeg 300w, https:\/\/ghvburscheid1959.de\/wp-content\/uploads\/2024\/08\/IMG_2662-1024x949.jpeg 1024w, https:\/\/ghvburscheid1959.de\/wp-content\/uploads\/2024\/08\/IMG_2662-768x712.jpeg 768w, https:\/\/ghvburscheid1959.de\/wp-content\/uploads\/2024\/08\/IMG_2662-1536x1423.jpeg 1536w, https:\/\/ghvburscheid1959.de\/wp-content\/uploads\/2024\/08\/IMG_2662.jpeg 1891w\" sizes=\"(max-width: 300px) 100vw, 300px\" \/>\t\t\t\t\t\t\t\t\t\t\t\t\t\t\t<\/div>\n\t\t\t\t<\/div>\n\t\t\t\t<div class=\"elementor-element elementor-element-3c6833c elementor-widget elementor-widget-image\" data-id=\"3c6833c\" data-element_type=\"widget\" data-widget_type=\"image.default\">\n\t\t\t\t<div class=\"elementor-widget-container\">\n\t\t\t\t\t\t\t\t\t\t\t\t\t\t\t<img decoding=\"async\" width=\"300\" height=\"277\" src=\"https:\/\/ghvburscheid1959.de\/wp-content\/uploads\/2024\/08\/IMG_2696-300x277.jpeg\" class=\"attachment-medium size-medium wp-image-713\" alt=\"\" srcset=\"https:\/\/ghvburscheid1959.de\/wp-content\/uploads\/2024\/08\/IMG_2696-300x277.jpeg 300w, https:\/\/ghvburscheid1959.de\/wp-content\/uploads\/2024\/08\/IMG_2696-1024x947.jpeg 1024w, https:\/\/ghvburscheid1959.de\/wp-content\/uploads\/2024\/08\/IMG_2696-768x710.jpeg 768w, https:\/\/ghvburscheid1959.de\/wp-content\/uploads\/2024\/08\/IMG_2696-1536x1421.jpeg 1536w, https:\/\/ghvburscheid1959.de\/wp-content\/uploads\/2024\/08\/IMG_2696-2048x1894.jpeg 2048w\" sizes=\"(max-width: 300px) 100vw, 300px\" \/>\t\t\t\t\t\t\t\t\t\t\t\t\t\t\t<\/div>\n\t\t\t\t<\/div>\n\t\t\t\t<\/div>\n\t\t\t\t\t<\/div>\n\t\t\t\t<\/div>\n\t\t<div class=\"elementor-element elementor-element-b62a2cf e-flex e-con-boxed e-con e-parent\" data-id=\"b62a2cf\" data-element_type=\"container\">\n\t\t\t\t\t<div class=\"e-con-inner\">\n\t\t\t\t<div class=\"elementor-element elementor-element-cd3c9d2 elementor-widget-divider--view-line elementor-widget elementor-widget-divider\" data-id=\"cd3c9d2\" data-element_type=\"widget\" data-widget_type=\"divider.default\">\n\t\t\t\t<div class=\"elementor-widget-container\">\n\t\t\t\t\t\t\t<div class=\"elementor-divider\">\n\t\t\t<span class=\"elementor-divider-separator\">\n\t\t\t\t\t\t<\/span>\n\t\t<\/div>\n\t\t\t\t\t\t<\/div>\n\t\t\t\t<\/div>\n\t\t\t\t\t<\/div>\n\t\t\t\t<\/div>\n\t\t<div class=\"elementor-element elementor-element-9f07165 e-flex e-con-boxed e-con e-parent\" data-id=\"9f07165\" data-element_type=\"container\">\n\t\t\t\t\t<div class=\"e-con-inner\">\n\t\t\t\t<div class=\"elementor-element elementor-element-afc9882 elementor-widget elementor-widget-text-editor\" data-id=\"afc9882\" data-element_type=\"widget\" data-widget_type=\"text-editor.default\">\n\t\t\t\t<div class=\"elementor-widget-container\">\n\t\t\t\t\t\t\t\t\t<p>Die diesj\u00e4hrige <strong>SOMMER-OLYMPIADE\u00a0<\/strong>war ein gro\u00dfer Erfolg mit viel Spa\u00df. An den zehn Stationen wie Apportieren, Longieren, Popcorn aus dem Hundepool fischen oder Hunde auf Decken ziehen und vieles mehr konnten die Mensch-Hund-Teams zeigen, was sie in den letzten Monaten gelernt haben und erfahren, was f\u00fcr ein tolles eingespieltes Team sie sind. Nach der Siegerehrung (Tagessiegerin war unser j\u00fcngstes Mitglied; es gab keine Verlierer) bildete den Abschluss des sch\u00f6nen Nachmittags ein von allen Beteiligten zusammengetragenes gemeinsames Essen.<\/p>\t\t\t\t\t\t\t\t<\/div>\n\t\t\t\t<\/div>\n\t\t\t\t\t<\/div>\n\t\t\t\t<\/div>\n\t\t<div class=\"elementor-element elementor-element-4c6c693 e-flex e-con-boxed e-con e-parent\" data-id=\"4c6c693\" data-element_type=\"container\">\n\t\t\t\t\t<div class=\"e-con-inner\">\n\t\t\t\t<div class=\"elementor-element elementor-element-4e6ab99 elementor-widget elementor-widget-image\" data-id=\"4e6ab99\" data-element_type=\"widget\" data-widget_type=\"image.default\">\n\t\t\t\t<div class=\"elementor-widget-container\">\n\t\t\t\t\t\t\t\t\t\t\t\t\t\t\t<img loading=\"lazy\" decoding=\"async\" width=\"768\" height=\"826\" src=\"https:\/\/ghvburscheid1959.de\/wp-content\/uploads\/2025\/08\/Bildschirmfoto-2025-08-29-um-17.47.00-768x826.png\" class=\"attachment-medium_large size-medium_large wp-image-1023\" alt=\"\" srcset=\"https:\/\/ghvburscheid1959.de\/wp-content\/uploads\/2025\/08\/Bildschirmfoto-2025-08-29-um-17.47.00-768x826.png 768w, https:\/\/ghvburscheid1959.de\/wp-content\/uploads\/2025\/08\/Bildschirmfoto-2025-08-29-um-17.47.00-279x300.png 279w, https:\/\/ghvburscheid1959.de\/wp-content\/uploads\/2025\/08\/Bildschirmfoto-2025-08-29-um-17.47.00-952x1024.png 952w, https:\/\/ghvburscheid1959.de\/wp-content\/uploads\/2025\/08\/Bildschirmfoto-2025-08-29-um-17.47.00.png 1056w\" sizes=\"(max-width: 768px) 100vw, 768px\" \/>\t\t\t\t\t\t\t\t\t\t\t\t\t\t\t<\/div>\n\t\t\t\t<\/div>\n\t\t\t\t\t<\/div>\n\t\t\t\t<\/div>\n\t\t\t\t<\/div>\n\t\t","protected":false},"excerpt":{"rendered":"<p>Spiel-Sport-Spa\u00df \u201eSpielend lernen\u201c ist hier das Motto. Unsere Gruppe ist abwechslungsreich und vielseitig. Durch kleine \u00dcbungen f\u00f6rdern wir spielerisch die Impulskontrolle und Frustrationstoleranz Deines Hundes. Ohne Leistungsdruck kannst Du mit Deinem Hund einige Spiele und Sportsequenzen kennen lernen, die Euch beiden Freude machen: z.B. Sportger\u00e4te, Laufen in kleinen Parcours, Longieren, Tricks und Spiele mit verschieden [&hellip;]<\/p>\n","protected":false},"author":1,"featured_media":0,"parent":88,"menu_order":0,"comment_status":"closed","ping_status":"closed","template":"","meta":{"footnotes":""},"class_list":["post-183","page","type-page","status-publish","hentry"],"aioseo_notices":[],"_links":{"self":[{"href":"https:\/\/ghvburscheid1959.de\/index.php\/wp-json\/wp\/v2\/pages\/183","targetHints":{"allow":["GET"]}}],"collection":[{"href":"https:\/\/ghvburscheid1959.de\/index.php\/wp-json\/wp\/v2\/pages"}],"about":[{"href":"https:\/\/ghvburscheid1959.de\/index.php\/wp-json\/wp\/v2\/types\/page"}],"author":[{"embeddable":true,"href":"https:\/\/ghvburscheid1959.de\/index.php\/wp-json\/wp\/v2\/users\/1"}],"replies":[{"embeddable":true,"href":"https:\/\/ghvburscheid1959.de\/index.php\/wp-json\/wp\/v2\/comments?post=183"}],"version-history":[{"count":31,"href":"https:\/\/ghvburscheid1959.de\/index.php\/wp-json\/wp\/v2\/pages\/183\/revisions"}],"predecessor-version":[{"id":1043,"href":"https:\/\/ghvburscheid1959.de\/index.php\/wp-json\/wp\/v2\/pages\/183\/revisions\/1043"}],"up":[{"embeddable":true,"href":"https:\/\/ghvburscheid1959.de\/index.php\/wp-json\/wp\/v2\/pages\/88"}],"wp:attachment":[{"href":"https:\/\/ghvburscheid1959.de\/index.php\/wp-json\/wp\/v2\/media?parent=183"}],"curies":[{"name":"wp","href":"https:\/\/api.w.org\/{rel}","templated":true}]}}