{"id":175,"date":"2024-03-03T17:31:56","date_gmt":"2024-03-03T16:31:56","guid":{"rendered":"https:\/\/ghvburscheid1959.de\/?page_id=175"},"modified":"2025-09-16T18:51:58","modified_gmt":"2025-09-16T16:51:58","slug":"rally-obedience","status":"publish","type":"page","link":"https:\/\/ghvburscheid1959.de\/index.php\/angebote\/rally-obedience\/","title":{"rendered":"Rally Obedience"},"content":{"rendered":"\t\t<div data-elementor-type=\"wp-page\" data-elementor-id=\"175\" class=\"elementor elementor-175\">\n\t\t\t\t<div class=\"elementor-element elementor-element-bdf6303 e-flex e-con-boxed e-con e-parent\" data-id=\"bdf6303\" data-element_type=\"container\">\n\t\t\t\t\t<div class=\"e-con-inner\">\n\t\t<div class=\"elementor-element elementor-element-b544e08 e-con-full e-flex e-con e-child\" data-id=\"b544e08\" data-element_type=\"container\">\n\t\t\t\t<div class=\"elementor-element elementor-element-6572f05 elementor-widget elementor-widget-image\" data-id=\"6572f05\" data-element_type=\"widget\" data-widget_type=\"image.default\">\n\t\t\t\t<div class=\"elementor-widget-container\">\n\t\t\t\t\t\t\t\t\t\t\t\t\t\t\t<img fetchpriority=\"high\" decoding=\"async\" width=\"287\" height=\"192\" src=\"https:\/\/ghvburscheid1959.de\/wp-content\/uploads\/2024\/03\/Icon1.png\" class=\"attachment-large size-large wp-image-282\" alt=\"\" \/>\t\t\t\t\t\t\t\t\t\t\t\t\t\t\t<\/div>\n\t\t\t\t<\/div>\n\t\t\t\t<\/div>\n\t\t<div class=\"elementor-element elementor-element-6635265 e-con-full e-flex e-con e-child\" data-id=\"6635265\" data-element_type=\"container\">\n\t\t\t\t<div class=\"elementor-element elementor-element-2ede115 elementor-widget elementor-widget-image\" data-id=\"2ede115\" data-element_type=\"widget\" data-widget_type=\"image.default\">\n\t\t\t\t<div class=\"elementor-widget-container\">\n\t\t\t\t\t\t\t\t\t\t\t\t\t\t\t<img decoding=\"async\" width=\"163\" height=\"125\" src=\"https:\/\/ghvburscheid1959.de\/wp-content\/uploads\/2024\/03\/Icon2.png\" class=\"attachment-large size-large wp-image-283\" alt=\"\" \/>\t\t\t\t\t\t\t\t\t\t\t\t\t\t\t<\/div>\n\t\t\t\t<\/div>\n\t\t\t\t<\/div>\n\t\t<div class=\"elementor-element elementor-element-d06c8dc e-con-full e-flex e-con e-child\" data-id=\"d06c8dc\" data-element_type=\"container\">\n\t\t\t\t<div class=\"elementor-element elementor-element-ef20ec7 elementor-widget elementor-widget-image\" data-id=\"ef20ec7\" data-element_type=\"widget\" data-widget_type=\"image.default\">\n\t\t\t\t<div class=\"elementor-widget-container\">\n\t\t\t\t\t\t\t\t\t\t\t\t\t\t\t<img decoding=\"async\" width=\"151\" height=\"122\" src=\"https:\/\/ghvburscheid1959.de\/wp-content\/uploads\/2024\/03\/Icon3.png\" class=\"attachment-large size-large wp-image-284\" alt=\"\" \/>\t\t\t\t\t\t\t\t\t\t\t\t\t\t\t<\/div>\n\t\t\t\t<\/div>\n\t\t\t\t<\/div>\n\t\t<div class=\"elementor-element elementor-element-3634141 e-con-full e-flex e-con e-child\" data-id=\"3634141\" data-element_type=\"container\">\n\t\t\t\t<div class=\"elementor-element elementor-element-e4888dd elementor-widget elementor-widget-image\" data-id=\"e4888dd\" data-element_type=\"widget\" data-widget_type=\"image.default\">\n\t\t\t\t<div class=\"elementor-widget-container\">\n\t\t\t\t\t\t\t\t\t\t\t\t\t\t\t<img loading=\"lazy\" decoding=\"async\" width=\"305\" height=\"150\" src=\"https:\/\/ghvburscheid1959.de\/wp-content\/uploads\/2024\/03\/Icon4.png\" class=\"attachment-large size-large wp-image-285\" alt=\"\" \/>\t\t\t\t\t\t\t\t\t\t\t\t\t\t\t<\/div>\n\t\t\t\t<\/div>\n\t\t\t\t<\/div>\n\t\t<div class=\"elementor-element elementor-element-11263f1 e-con-full e-flex e-con e-child\" data-id=\"11263f1\" data-element_type=\"container\">\n\t\t\t\t<div class=\"elementor-element elementor-element-5fc21ca elementor-widget elementor-widget-image\" data-id=\"5fc21ca\" data-element_type=\"widget\" data-widget_type=\"image.default\">\n\t\t\t\t<div class=\"elementor-widget-container\">\n\t\t\t\t\t\t\t\t\t\t\t\t\t\t\t<img loading=\"lazy\" decoding=\"async\" width=\"180\" height=\"132\" src=\"https:\/\/ghvburscheid1959.de\/wp-content\/uploads\/2024\/03\/Icon5.png\" class=\"attachment-large size-large wp-image-286\" alt=\"\" \/>\t\t\t\t\t\t\t\t\t\t\t\t\t\t\t<\/div>\n\t\t\t\t<\/div>\n\t\t\t\t<\/div>\n\t\t<div class=\"elementor-element elementor-element-d3ff9f1 e-con-full e-flex e-con e-child\" data-id=\"d3ff9f1\" data-element_type=\"container\">\n\t\t\t\t<div class=\"elementor-element elementor-element-66a533a elementor-widget elementor-widget-image\" data-id=\"66a533a\" data-element_type=\"widget\" data-widget_type=\"image.default\">\n\t\t\t\t<div class=\"elementor-widget-container\">\n\t\t\t\t\t\t\t\t\t\t\t\t\t\t\t<img loading=\"lazy\" decoding=\"async\" width=\"168\" height=\"123\" src=\"https:\/\/ghvburscheid1959.de\/wp-content\/uploads\/2024\/03\/Icon6.png\" class=\"attachment-large size-large wp-image-287\" alt=\"\" \/>\t\t\t\t\t\t\t\t\t\t\t\t\t\t\t<\/div>\n\t\t\t\t<\/div>\n\t\t\t\t<\/div>\n\t\t\t\t\t<\/div>\n\t\t\t\t<\/div>\n\t\t<div class=\"elementor-element elementor-element-8fb05e1 e-flex e-con-boxed e-con e-parent\" data-id=\"8fb05e1\" data-element_type=\"container\">\n\t\t\t\t\t<div class=\"e-con-inner\">\n\t\t<div class=\"elementor-element elementor-element-a3de78e e-con-full e-flex e-con e-child\" data-id=\"a3de78e\" data-element_type=\"container\">\n\t\t\t\t<div class=\"elementor-element elementor-element-2c63805 elementor-widget elementor-widget-heading\" data-id=\"2c63805\" data-element_type=\"widget\" data-widget_type=\"heading.default\">\n\t\t\t\t<div class=\"elementor-widget-container\">\n\t\t\t\t\t<h2 class=\"elementor-heading-title elementor-size-default\">Rally Obedience<\/h2>\t\t\t\t<\/div>\n\t\t\t\t<\/div>\n\t\t\t\t<div class=\"elementor-element elementor-element-615d526 elementor-widget elementor-widget-text-editor\" data-id=\"615d526\" data-element_type=\"widget\" data-widget_type=\"text-editor.default\">\n\t\t\t\t<div class=\"elementor-widget-container\">\n\t\t\t\t\t\t\t\t\t<p>Beim Rally Obedience handelt es sich um eine \u00e4u\u00dferst beliebte Hundesportart, bei der es durch einen Parcours aus lauter Schildern geht, welche jeweils eine bestimmte \u00dcbung beinhalten. Zu deren Inhalten geh\u00f6ren einmal die Grundregeln des Gehorsams, der Fu\u00dfarbeit und zunehmend Elemente aus Obedience, Agility und Dogdance. Der Hund darf dabei st\u00e4ndig aufgemuntert werden und an sogenannten \u201estation\u00e4ren Schildern\u201c (wo Hund und Mensch zum Stillstand kommen) gestreichelt oder gef\u00fcttert werden. Leckerlis d\u00fcrfen deswegen verdeckt in Taschen mitgef\u00fchrt werden.<\/p><p><strong>Rally Obedience ist ein Sport f\u00fcr \u201eJedermann und Jederhund\u201c<\/strong> \u2013 k\u00f6rperliche Einschr\u00e4nkungen sind dabei in der Regel kein Hindernis.<\/p><p>Von einfachen \u00dcbungen der Beginner-Klasse (die auch eine tolle Erg\u00e4nzung zur Junghunde- und Gehorsamsausbildung sind) steigern sich\u00a0 Anzahl und Schwierigkeit der Schilder mit jeder weiteren Klasse (1 \u2013 2 \u2013 3 -Senioren), sodass es immer spannend bleibt.<\/p><p>F\u00fcr die Teilnahme an Turnieren ist ein Mindestalter des Hundes von 15 Monaten vorgeschrieben, aber weder eine Begleithundepr\u00fcfung noch eine Vereinszugeh\u00f6rigkeit n\u00f6tig.<\/p>\t\t\t\t\t\t\t\t<\/div>\n\t\t\t\t<\/div>\n\t\t\t\t<\/div>\n\t\t<div class=\"elementor-element elementor-element-fbf1a3a e-con-full e-flex e-con e-child\" data-id=\"fbf1a3a\" data-element_type=\"container\">\n\t\t\t\t<div class=\"elementor-element elementor-element-24d0e9f elementor-widget elementor-widget-image\" data-id=\"24d0e9f\" data-element_type=\"widget\" data-widget_type=\"image.default\">\n\t\t\t\t<div class=\"elementor-widget-container\">\n\t\t\t\t\t\t\t\t\t\t\t\t\t\t\t<img loading=\"lazy\" decoding=\"async\" width=\"648\" height=\"486\" src=\"https:\/\/ghvburscheid1959.de\/wp-content\/uploads\/2024\/03\/RO1.jpg\" class=\"attachment-medium_large size-medium_large wp-image-288\" alt=\"\" \/>\t\t\t\t\t\t\t\t\t\t\t\t\t\t\t<\/div>\n\t\t\t\t<\/div>\n\t\t\t\t<\/div>\n\t\t<div class=\"elementor-element elementor-element-5f17d28 e-con-full e-flex e-con e-child\" data-id=\"5f17d28\" data-element_type=\"container\">\n\t\t\t\t<div class=\"elementor-element elementor-element-70e5bb0 elementor-widget elementor-widget-image\" data-id=\"70e5bb0\" data-element_type=\"widget\" data-widget_type=\"image.default\">\n\t\t\t\t<div class=\"elementor-widget-container\">\n\t\t\t\t\t\t\t\t\t\t\t\t\t\t\t<img loading=\"lazy\" decoding=\"async\" width=\"683\" height=\"510\" src=\"https:\/\/ghvburscheid1959.de\/wp-content\/uploads\/2024\/03\/RO2.png\" class=\"attachment-medium_large size-medium_large wp-image-289\" alt=\"\" \/>\t\t\t\t\t\t\t\t\t\t\t\t\t\t\t<\/div>\n\t\t\t\t<\/div>\n\t\t\t\t<\/div>\n\t\t\t\t\t<\/div>\n\t\t\t\t<\/div>\n\t\t<div class=\"elementor-element elementor-element-1ad911d e-flex e-con-boxed e-con e-parent\" data-id=\"1ad911d\" data-element_type=\"container\">\n\t\t\t\t\t<div class=\"e-con-inner\">\n\t\t\t\t<div class=\"elementor-element elementor-element-0a3f1b2 elementor-widget elementor-widget-text-editor\" data-id=\"0a3f1b2\" data-element_type=\"widget\" data-widget_type=\"text-editor.default\">\n\t\t\t\t<div class=\"elementor-widget-container\">\n\t\t\t\t\t\t\t\t\t<p>_________________________________________________________________________________________________________<\/p>\t\t\t\t\t\t\t\t<\/div>\n\t\t\t\t<\/div>\n\t\t\t\t\t<\/div>\n\t\t\t\t<\/div>\n\t\t<div class=\"elementor-element elementor-element-a13c0e8 e-flex e-con-boxed e-con e-parent\" data-id=\"a13c0e8\" data-element_type=\"container\">\n\t\t\t\t\t<div class=\"e-con-inner\">\n\t\t\t\t<div class=\"elementor-element elementor-element-dfba49c elementor-widget elementor-widget-image\" data-id=\"dfba49c\" data-element_type=\"widget\" data-widget_type=\"image.default\">\n\t\t\t\t<div class=\"elementor-widget-container\">\n\t\t\t\t\t\t\t\t\t\t\t\t\t\t\t<img loading=\"lazy\" decoding=\"async\" width=\"508\" height=\"620\" src=\"https:\/\/ghvburscheid1959.de\/wp-content\/uploads\/2025\/09\/Bildschirmfoto-2025-09-16-um-18.46.53.png\" class=\"attachment-large size-large wp-image-1083\" alt=\"\" srcset=\"https:\/\/ghvburscheid1959.de\/wp-content\/uploads\/2025\/09\/Bildschirmfoto-2025-09-16-um-18.46.53.png 508w, https:\/\/ghvburscheid1959.de\/wp-content\/uploads\/2025\/09\/Bildschirmfoto-2025-09-16-um-18.46.53-246x300.png 246w\" sizes=\"(max-width: 508px) 100vw, 508px\" \/>\t\t\t\t\t\t\t\t\t\t\t\t\t\t\t<\/div>\n\t\t\t\t<\/div>\n\t\t\t\t\t<\/div>\n\t\t\t\t<\/div>\n\t\t\t\t<\/div>\n\t\t","protected":false},"excerpt":{"rendered":"<p>Rally Obedience Beim Rally Obedience handelt es sich um eine \u00e4u\u00dferst beliebte Hundesportart, bei der es durch einen Parcours aus lauter Schildern geht, welche jeweils eine bestimmte \u00dcbung beinhalten. Zu deren Inhalten geh\u00f6ren einmal die Grundregeln des Gehorsams, der Fu\u00dfarbeit und zunehmend Elemente aus Obedience, Agility und Dogdance. Der Hund darf dabei st\u00e4ndig aufgemuntert werden [&hellip;]<\/p>\n","protected":false},"author":1,"featured_media":0,"parent":88,"menu_order":0,"comment_status":"closed","ping_status":"closed","template":"","meta":{"footnotes":""},"class_list":["post-175","page","type-page","status-publish","hentry"],"aioseo_notices":[],"_links":{"self":[{"href":"https:\/\/ghvburscheid1959.de\/index.php\/wp-json\/wp\/v2\/pages\/175","targetHints":{"allow":["GET"]}}],"collection":[{"href":"https:\/\/ghvburscheid1959.de\/index.php\/wp-json\/wp\/v2\/pages"}],"about":[{"href":"https:\/\/ghvburscheid1959.de\/index.php\/wp-json\/wp\/v2\/types\/page"}],"author":[{"embeddable":true,"href":"https:\/\/ghvburscheid1959.de\/index.php\/wp-json\/wp\/v2\/users\/1"}],"replies":[{"embeddable":true,"href":"https:\/\/ghvburscheid1959.de\/index.php\/wp-json\/wp\/v2\/comments?post=175"}],"version-history":[{"count":34,"href":"https:\/\/ghvburscheid1959.de\/index.php\/wp-json\/wp\/v2\/pages\/175\/revisions"}],"predecessor-version":[{"id":1089,"href":"https:\/\/ghvburscheid1959.de\/index.php\/wp-json\/wp\/v2\/pages\/175\/revisions\/1089"}],"up":[{"embeddable":true,"href":"https:\/\/ghvburscheid1959.de\/index.php\/wp-json\/wp\/v2\/pages\/88"}],"wp:attachment":[{"href":"https:\/\/ghvburscheid1959.de\/index.php\/wp-json\/wp\/v2\/media?parent=175"}],"curies":[{"name":"wp","href":"https:\/\/api.w.org\/{rel}","templated":true}]}}