{"id":169,"date":"2024-03-03T17:27:56","date_gmt":"2024-03-03T16:27:56","guid":{"rendered":"https:\/\/ghvburscheid1959.de\/?page_id=169"},"modified":"2025-11-23T11:08:32","modified_gmt":"2025-11-23T10:08:32","slug":"hoopers","status":"publish","type":"page","link":"https:\/\/ghvburscheid1959.de\/index.php\/angebote\/hoopers\/","title":{"rendered":"Hoopers"},"content":{"rendered":"\t\t<div data-elementor-type=\"wp-page\" data-elementor-id=\"169\" class=\"elementor elementor-169\">\n\t\t\t\t<div class=\"elementor-element elementor-element-ff20ee4 e-flex e-con-boxed e-con e-parent\" data-id=\"ff20ee4\" data-element_type=\"container\">\n\t\t\t\t\t<div class=\"e-con-inner\">\n\t\t<div class=\"elementor-element elementor-element-9081712 e-con-full e-flex e-con e-child\" data-id=\"9081712\" data-element_type=\"container\">\n\t\t\t\t<div class=\"elementor-element elementor-element-522e97e elementor-widget elementor-widget-image\" data-id=\"522e97e\" data-element_type=\"widget\" data-widget_type=\"image.default\">\n\t\t\t\t<div class=\"elementor-widget-container\">\n\t\t\t\t\t\t\t\t\t\t\t\t\t\t\t<img fetchpriority=\"high\" decoding=\"async\" width=\"300\" height=\"277\" src=\"https:\/\/ghvburscheid1959.de\/wp-content\/uploads\/2024\/03\/Hoopers3.jpg\" class=\"attachment-medium size-medium wp-image-269\" alt=\"\" \/>\t\t\t\t\t\t\t\t\t\t\t\t\t\t\t<\/div>\n\t\t\t\t<\/div>\n\t\t\t\t<div class=\"elementor-element elementor-element-0bc7928 elementor-widget elementor-widget-image\" data-id=\"0bc7928\" data-element_type=\"widget\" data-widget_type=\"image.default\">\n\t\t\t\t<div class=\"elementor-widget-container\">\n\t\t\t\t\t\t\t\t\t\t\t\t\t\t\t<img decoding=\"async\" width=\"300\" height=\"200\" src=\"https:\/\/ghvburscheid1959.de\/wp-content\/uploads\/2024\/08\/IMG_8295-300x200.jpeg\" class=\"attachment-medium size-medium wp-image-700\" alt=\"\" srcset=\"https:\/\/ghvburscheid1959.de\/wp-content\/uploads\/2024\/08\/IMG_8295-300x200.jpeg 300w, https:\/\/ghvburscheid1959.de\/wp-content\/uploads\/2024\/08\/IMG_8295-1024x683.jpeg 1024w, https:\/\/ghvburscheid1959.de\/wp-content\/uploads\/2024\/08\/IMG_8295-768x512.jpeg 768w, https:\/\/ghvburscheid1959.de\/wp-content\/uploads\/2024\/08\/IMG_8295-1536x1024.jpeg 1536w, https:\/\/ghvburscheid1959.de\/wp-content\/uploads\/2024\/08\/IMG_8295-2048x1365.jpeg 2048w\" sizes=\"(max-width: 300px) 100vw, 300px\" \/>\t\t\t\t\t\t\t\t\t\t\t\t\t\t\t<\/div>\n\t\t\t\t<\/div>\n\t\t\t\t<div class=\"elementor-element elementor-element-d7ba744 elementor-widget elementor-widget-image\" data-id=\"d7ba744\" data-element_type=\"widget\" data-widget_type=\"image.default\">\n\t\t\t\t<div class=\"elementor-widget-container\">\n\t\t\t\t\t\t\t\t\t\t\t\t\t\t\t<img decoding=\"async\" width=\"300\" height=\"200\" src=\"https:\/\/ghvburscheid1959.de\/wp-content\/uploads\/2024\/03\/Hoopers1.jpg\" class=\"attachment-medium size-medium wp-image-267\" alt=\"\" \/>\t\t\t\t\t\t\t\t\t\t\t\t\t\t\t<\/div>\n\t\t\t\t<\/div>\n\t\t\t\t<\/div>\n\t\t<div class=\"elementor-element elementor-element-6def451 e-con-full e-flex e-con e-child\" data-id=\"6def451\" data-element_type=\"container\">\n\t\t\t\t<div class=\"elementor-element elementor-element-35aa984 elementor-widget elementor-widget-heading\" data-id=\"35aa984\" data-element_type=\"widget\" data-widget_type=\"heading.default\">\n\t\t\t\t<div class=\"elementor-widget-container\">\n\t\t\t\t\t<h2 class=\"elementor-heading-title elementor-size-default\">Hoopers<\/h2>\t\t\t\t<\/div>\n\t\t\t\t<\/div>\n\t\t\t\t<div class=\"elementor-element elementor-element-c5ec796 elementor-widget elementor-widget-text-editor\" data-id=\"c5ec796\" data-element_type=\"widget\" data-widget_type=\"text-editor.default\">\n\t\t\t\t<div class=\"elementor-widget-container\">\n\t\t\t\t\t\t\t\t\t<p>Hoopers ( von &#8222;Hoop&#8220; = Bogen) ist eine noch relativ junge und inzwischen sehr beliebte Sportart, in der es darum geht, einen Hindernisparcours bestehend aus sogenannten Hoops (B\u00f6gen), Tunneln, Gates (Z\u00e4une) und Barrels (Tonnen) auf Distanz fehlerfrei zu bew\u00e4ltigen. Der Hundef\u00fchrer f\u00fchrt seinen Hund von einem festgesetzten F\u00fchrbereich (2m x 2m), den er nicht verlassen darf, mit Hilfe von Sicht- und\/oder H\u00f6rzeichen durch den Parcours, was vom Hund Aufmerksamkeit und Konzentration und vom Hundef\u00fchrer ein akkurates Timing seiner k\u00f6rpersprachlichen und verbalen Signale (z.B. \u201eGO\u201c \/ \u201eAUSSEN\u201c \/ \u201eZU\u201c \/ \u201eWEG\u201c u.a. &#8230; ) erfordert.<\/p><p>Mit zunehmendem Schwierigkeitsgrad erh\u00f6hen sich die Distanzen (sowohl zum Hundef\u00fchrer wie auch zwischen den Hindernissen) und die Zahl der zu nehmenden Hindernisse sowie der \u201eVerleitungen\u201c (Hindernisse, die f\u00fcr den Hund in Sichtweite der Lauflinie oder auch n\u00e4her beim Hundef\u00fchrer stehen, aber nicht genommen werden d\u00fcrfen).<\/p><p><strong>F\u00fcr wen ist Hoopers geeignet? <\/strong><\/p><p>Da es beim Hoopers weder auf die Geschwindigkeit ankommt noch gesprungen wird, ist diese Sportart f\u00fcr alle gesunden Hunde geeignet, auch wenn sie die ein oder andere Behinderung haben. Auch Hundef\u00fchrern mit Bewegungseinschr\u00e4nkungen kommt sie aus oben genannten Gr\u00fcnden entgegen. Grundvoraussetzung ist allerdings ein solider Grundgehorsam, da ohne diesen nicht auf Distanz gearbeitet werden kann. F\u00fcr die Teilnahme an Turnieren ist ein Mindestalter von 18 Monaten vorgeschrieben.<\/p>\t\t\t\t\t\t\t\t<\/div>\n\t\t\t\t<\/div>\n\t\t\t\t<\/div>\n\t\t\t\t\t<\/div>\n\t\t\t\t<\/div>\n\t\t\t\t<\/div>\n\t\t","protected":false},"excerpt":{"rendered":"<p>Hoopers Hoopers ( von &#8222;Hoop&#8220; = Bogen) ist eine noch relativ junge und inzwischen sehr beliebte Sportart, in der es darum geht, einen Hindernisparcours bestehend aus sogenannten Hoops (B\u00f6gen), Tunneln, Gates (Z\u00e4une) und Barrels (Tonnen) auf Distanz fehlerfrei zu bew\u00e4ltigen. Der Hundef\u00fchrer f\u00fchrt seinen Hund von einem festgesetzten F\u00fchrbereich (2m x 2m), den er nicht [&hellip;]<\/p>\n","protected":false},"author":1,"featured_media":0,"parent":88,"menu_order":0,"comment_status":"closed","ping_status":"closed","template":"","meta":{"footnotes":""},"class_list":["post-169","page","type-page","status-publish","hentry"],"aioseo_notices":[],"_links":{"self":[{"href":"https:\/\/ghvburscheid1959.de\/index.php\/wp-json\/wp\/v2\/pages\/169","targetHints":{"allow":["GET"]}}],"collection":[{"href":"https:\/\/ghvburscheid1959.de\/index.php\/wp-json\/wp\/v2\/pages"}],"about":[{"href":"https:\/\/ghvburscheid1959.de\/index.php\/wp-json\/wp\/v2\/types\/page"}],"author":[{"embeddable":true,"href":"https:\/\/ghvburscheid1959.de\/index.php\/wp-json\/wp\/v2\/users\/1"}],"replies":[{"embeddable":true,"href":"https:\/\/ghvburscheid1959.de\/index.php\/wp-json\/wp\/v2\/comments?post=169"}],"version-history":[{"count":22,"href":"https:\/\/ghvburscheid1959.de\/index.php\/wp-json\/wp\/v2\/pages\/169\/revisions"}],"predecessor-version":[{"id":1194,"href":"https:\/\/ghvburscheid1959.de\/index.php\/wp-json\/wp\/v2\/pages\/169\/revisions\/1194"}],"up":[{"embeddable":true,"href":"https:\/\/ghvburscheid1959.de\/index.php\/wp-json\/wp\/v2\/pages\/88"}],"wp:attachment":[{"href":"https:\/\/ghvburscheid1959.de\/index.php\/wp-json\/wp\/v2\/media?parent=169"}],"curies":[{"name":"wp","href":"https:\/\/api.w.org\/{rel}","templated":true}]}}