{"id":163,"date":"2024-03-03T17:25:06","date_gmt":"2024-03-03T16:25:06","guid":{"rendered":"https:\/\/ghvburscheid1959.de\/?page_id=163"},"modified":"2024-08-27T18:57:03","modified_gmt":"2024-08-27T16:57:03","slug":"agility","status":"publish","type":"page","link":"https:\/\/ghvburscheid1959.de\/index.php\/angebote\/agility\/","title":{"rendered":"Agility"},"content":{"rendered":"\t\t<div data-elementor-type=\"wp-page\" data-elementor-id=\"163\" class=\"elementor elementor-163\">\n\t\t\t\t<div class=\"elementor-element elementor-element-5e5cf2e e-flex e-con-boxed e-con e-parent\" data-id=\"5e5cf2e\" data-element_type=\"container\">\n\t\t\t\t\t<div class=\"e-con-inner\">\n\t\t<div class=\"elementor-element elementor-element-0f647c6 e-con-full e-flex e-con e-child\" data-id=\"0f647c6\" data-element_type=\"container\">\n\t\t\t\t<div class=\"elementor-element elementor-element-ae51c62 elementor-widget elementor-widget-heading\" data-id=\"ae51c62\" data-element_type=\"widget\" data-widget_type=\"heading.default\">\n\t\t\t\t<div class=\"elementor-widget-container\">\n\t\t\t\t\t<h2 class=\"elementor-heading-title elementor-size-default\">Agility<\/h2>\t\t\t\t<\/div>\n\t\t\t\t<\/div>\n\t\t\t\t<div class=\"elementor-element elementor-element-33d9112 elementor-widget elementor-widget-text-editor\" data-id=\"33d9112\" data-element_type=\"widget\" data-widget_type=\"text-editor.default\">\n\t\t\t\t<div class=\"elementor-widget-container\">\n\t\t\t\t\t\t\t\t\t<p>\u00a0Das Wort Agility kommt aus dem Englischen und bedeutet so viel wie Beweglichkeit oder Geschicklichkeit &#8211; und das beschreibt den Kern des Ganzen schon relativ gut. Beim Agility geht es\u00a0 um Geschwindigkeit, Koordination und das Teamwork zwischen Hund und Mensch. Dabei m\u00fcssen Hund und sein Mensch eng aufeinander abgestimmt zusammenarbeiten. Das Ziel ist es seinen Hund mit Hilfe von K\u00f6rpersprache und Stimme m\u00f6glichst schnell und fehlerfrei durch den Parcours zu schicken. Im Agility gibt es eine gro\u00dfe Bandbreite an Ger\u00e4ten;\u00a0 H\u00fcrden, Tunnel, Wippe, Steg, A-Wand, Reifen und Mauer k\u00f6nnen dir begegnen.<\/p><p>Agility st\u00e4rkt die Bindung zwischen dir und deinem Hund durch die intensive Zusammenarbeit. Es st\u00e4rkt das Vertrauen ineinander, dein Hund muss sich auf dich verlassen und dir die F\u00fchrung \u00fcbergeben. Besonders geeignet ist dieser Hundesport f\u00fcr lernfreudige, aktive Hunde, die im Idealfall gerne mit dem Menschen zusammenarbeiten.<\/p><p>Dieser Sport verlangt unseren Vierbeinigen Freunden eine Menge ab &#8211; deshalb ist Voraussetzung f\u00fcr diesen Sport, dass der Hund gesund ist. Lasse deinen Hund vorsichtshalber tier\u00e4rztlich untersuchen, bevor du mit dem Training startest. Sollte dein Hund nicht so fit sein, dann schaue dich lieber nach einer anderen Sportart um.<\/p>\t\t\t\t\t\t\t\t<\/div>\n\t\t\t\t<\/div>\n\t\t\t\t<\/div>\n\t\t<div class=\"elementor-element elementor-element-3a60aa4 e-con-full e-flex e-con e-child\" data-id=\"3a60aa4\" data-element_type=\"container\">\n\t\t\t\t<div class=\"elementor-element elementor-element-2edf5d8 elementor-widget elementor-widget-image\" data-id=\"2edf5d8\" data-element_type=\"widget\" data-widget_type=\"image.default\">\n\t\t\t\t<div class=\"elementor-widget-container\">\n\t\t\t\t\t\t\t\t\t\t\t\t\t\t\t<img fetchpriority=\"high\" decoding=\"async\" width=\"348\" height=\"348\" src=\"https:\/\/ghvburscheid1959.de\/wp-content\/uploads\/2024\/03\/Agility3.jpg\" class=\"attachment-large size-large wp-image-262\" alt=\"\" \/>\t\t\t\t\t\t\t\t\t\t\t\t\t\t\t<\/div>\n\t\t\t\t<\/div>\n\t\t\t\t<div class=\"elementor-element elementor-element-87a5dd6 elementor-widget elementor-widget-image\" data-id=\"87a5dd6\" data-element_type=\"widget\" data-widget_type=\"image.default\">\n\t\t\t\t<div class=\"elementor-widget-container\">\n\t\t\t\t\t\t\t\t\t\t\t\t\t\t\t<img decoding=\"async\" width=\"768\" height=\"510\" src=\"https:\/\/ghvburscheid1959.de\/wp-content\/uploads\/2024\/08\/dab531c1-cf18-48ed-8895-4c0df88468df-768x510.jpeg\" class=\"attachment-medium_large size-medium_large wp-image-690\" alt=\"\" srcset=\"https:\/\/ghvburscheid1959.de\/wp-content\/uploads\/2024\/08\/dab531c1-cf18-48ed-8895-4c0df88468df-768x510.jpeg 768w, https:\/\/ghvburscheid1959.de\/wp-content\/uploads\/2024\/08\/dab531c1-cf18-48ed-8895-4c0df88468df-300x199.jpeg 300w, https:\/\/ghvburscheid1959.de\/wp-content\/uploads\/2024\/08\/dab531c1-cf18-48ed-8895-4c0df88468df-1024x680.jpeg 1024w, https:\/\/ghvburscheid1959.de\/wp-content\/uploads\/2024\/08\/dab531c1-cf18-48ed-8895-4c0df88468df-1536x1020.jpeg 1536w, https:\/\/ghvburscheid1959.de\/wp-content\/uploads\/2024\/08\/dab531c1-cf18-48ed-8895-4c0df88468df.jpeg 1600w\" sizes=\"(max-width: 768px) 100vw, 768px\" \/>\t\t\t\t\t\t\t\t\t\t\t\t\t\t\t<\/div>\n\t\t\t\t<\/div>\n\t\t\t\t<\/div>\n\t\t\t\t\t<\/div>\n\t\t\t\t<\/div>\n\t\t<div class=\"elementor-element elementor-element-e21047d e-flex e-con-boxed e-con e-parent\" data-id=\"e21047d\" data-element_type=\"container\">\n\t\t\t\t\t<div class=\"e-con-inner\">\n\t\t\t\t<div class=\"elementor-element elementor-element-10c7ede elementor-widget elementor-widget-image\" data-id=\"10c7ede\" data-element_type=\"widget\" data-widget_type=\"image.default\">\n\t\t\t\t<div class=\"elementor-widget-container\">\n\t\t\t\t\t\t\t\t\t\t\t\t\t\t\t<img decoding=\"async\" width=\"794\" height=\"357\" src=\"https:\/\/ghvburscheid1959.de\/wp-content\/uploads\/2024\/03\/Agility2-1.jpg\" class=\"attachment-large size-large wp-image-261\" alt=\"\" \/>\t\t\t\t\t\t\t\t\t\t\t\t\t\t\t<\/div>\n\t\t\t\t<\/div>\n\t\t\t\t\t<\/div>\n\t\t\t\t<\/div>\n\t\t\t\t<\/div>\n\t\t","protected":false},"excerpt":{"rendered":"<p>Agility \u00a0Das Wort Agility kommt aus dem Englischen und bedeutet so viel wie Beweglichkeit oder Geschicklichkeit &#8211; und das beschreibt den Kern des Ganzen schon relativ gut. Beim Agility geht es\u00a0 um Geschwindigkeit, Koordination und das Teamwork zwischen Hund und Mensch. Dabei m\u00fcssen Hund und sein Mensch eng aufeinander abgestimmt zusammenarbeiten. Das Ziel ist es [&hellip;]<\/p>\n","protected":false},"author":1,"featured_media":0,"parent":88,"menu_order":0,"comment_status":"closed","ping_status":"closed","template":"","meta":{"footnotes":""},"class_list":["post-163","page","type-page","status-publish","hentry"],"aioseo_notices":[],"_links":{"self":[{"href":"https:\/\/ghvburscheid1959.de\/index.php\/wp-json\/wp\/v2\/pages\/163","targetHints":{"allow":["GET"]}}],"collection":[{"href":"https:\/\/ghvburscheid1959.de\/index.php\/wp-json\/wp\/v2\/pages"}],"about":[{"href":"https:\/\/ghvburscheid1959.de\/index.php\/wp-json\/wp\/v2\/types\/page"}],"author":[{"embeddable":true,"href":"https:\/\/ghvburscheid1959.de\/index.php\/wp-json\/wp\/v2\/users\/1"}],"replies":[{"embeddable":true,"href":"https:\/\/ghvburscheid1959.de\/index.php\/wp-json\/wp\/v2\/comments?post=163"}],"version-history":[{"count":16,"href":"https:\/\/ghvburscheid1959.de\/index.php\/wp-json\/wp\/v2\/pages\/163\/revisions"}],"predecessor-version":[{"id":696,"href":"https:\/\/ghvburscheid1959.de\/index.php\/wp-json\/wp\/v2\/pages\/163\/revisions\/696"}],"up":[{"embeddable":true,"href":"https:\/\/ghvburscheid1959.de\/index.php\/wp-json\/wp\/v2\/pages\/88"}],"wp:attachment":[{"href":"https:\/\/ghvburscheid1959.de\/index.php\/wp-json\/wp\/v2\/media?parent=163"}],"curies":[{"name":"wp","href":"https:\/\/api.w.org\/{rel}","templated":true}]}}