{"id":134,"date":"2024-03-03T17:11:27","date_gmt":"2024-03-03T16:11:27","guid":{"rendered":"https:\/\/ghvburscheid1959.de\/?page_id=134"},"modified":"2024-08-27T10:45:56","modified_gmt":"2024-08-27T08:45:56","slug":"gehorsam","status":"publish","type":"page","link":"https:\/\/ghvburscheid1959.de\/index.php\/angebote\/gehorsam\/","title":{"rendered":"Gehorsam"},"content":{"rendered":"\t\t<div data-elementor-type=\"wp-page\" data-elementor-id=\"134\" class=\"elementor elementor-134\">\n\t\t\t\t<div class=\"elementor-element elementor-element-79b022e e-flex e-con-boxed e-con e-parent\" data-id=\"79b022e\" data-element_type=\"container\">\n\t\t\t\t\t<div class=\"e-con-inner\">\n\t\t\t\t<div class=\"elementor-element elementor-element-76282f2 elementor-widget elementor-widget-heading\" data-id=\"76282f2\" data-element_type=\"widget\" data-widget_type=\"heading.default\">\n\t\t\t\t<div class=\"elementor-widget-container\">\n\t\t\t\t\t<h2 class=\"elementor-heading-title elementor-size-default\">Einzeltraining<\/h2>\t\t\t\t<\/div>\n\t\t\t\t<\/div>\n\t\t\t\t<div class=\"elementor-element elementor-element-4b20e3a elementor-widget elementor-widget-text-editor\" data-id=\"4b20e3a\" data-element_type=\"widget\" data-widget_type=\"text-editor.default\">\n\t\t\t\t<div class=\"elementor-widget-container\">\n\t\t\t\t\t\t\t\t\t<p>Im Einzeltraining konzentrieren wir uns ganz auf das Mensch- Hund- Team und bereiten Euch auf die Begleithundepr\u00fcfung vor.<\/p>\t\t\t\t\t\t\t\t<\/div>\n\t\t\t\t<\/div>\n\t\t\t\t\t<\/div>\n\t\t\t\t<\/div>\n\t\t<div class=\"elementor-element elementor-element-cb34333 e-flex e-con-boxed e-con e-parent\" data-id=\"cb34333\" data-element_type=\"container\">\n\t\t\t\t\t<div class=\"e-con-inner\">\n\t\t\t\t<div class=\"elementor-element elementor-element-11d8749 elementor-widget-divider--view-line elementor-widget elementor-widget-divider\" data-id=\"11d8749\" data-element_type=\"widget\" data-widget_type=\"divider.default\">\n\t\t\t\t<div class=\"elementor-widget-container\">\n\t\t\t\t\t\t\t<div class=\"elementor-divider\">\n\t\t\t<span class=\"elementor-divider-separator\">\n\t\t\t\t\t\t<\/span>\n\t\t<\/div>\n\t\t\t\t\t\t<\/div>\n\t\t\t\t<\/div>\n\t\t\t\t<div class=\"elementor-element elementor-element-4e9a1b0 elementor-widget elementor-widget-heading\" data-id=\"4e9a1b0\" data-element_type=\"widget\" data-widget_type=\"heading.default\">\n\t\t\t\t<div class=\"elementor-widget-container\">\n\t\t\t\t\t<h2 class=\"elementor-heading-title elementor-size-default\">Gruppentraining<\/h2>\t\t\t\t<\/div>\n\t\t\t\t<\/div>\n\t\t\t\t<div class=\"elementor-element elementor-element-920b5f5 elementor-widget elementor-widget-text-editor\" data-id=\"920b5f5\" data-element_type=\"widget\" data-widget_type=\"text-editor.default\">\n\t\t\t\t<div class=\"elementor-widget-container\">\n\t\t\t\t\t\t\t\t\t<p>In der Gruppe \u00fcben wir gruppendynamische Abl\u00e4ufe des Grundgehorsams. Gemeinsam st\u00e4rken wir das sozialvertr\u00e4gliche Verhalten Deines Hundes und f\u00f6rdern die Bindung zwischen dem Mensch-Hund-Team. Bei den \u00dcbungen in unserem Training lassen wir alle Sequenzen der Begleithundepr\u00fcfung mit einflie\u00dfen.<\/p>\t\t\t\t\t\t\t\t<\/div>\n\t\t\t\t<\/div>\n\t\t\t\t\t<\/div>\n\t\t\t\t<\/div>\n\t\t<div class=\"elementor-element elementor-element-b189558 e-flex e-con-boxed e-con e-parent\" data-id=\"b189558\" data-element_type=\"container\">\n\t\t\t\t\t<div class=\"e-con-inner\">\n\t\t<div class=\"elementor-element elementor-element-62a30d5 e-con-full e-flex e-con e-child\" data-id=\"62a30d5\" data-element_type=\"container\">\n\t\t\t\t<div class=\"elementor-element elementor-element-98cb9a9 elementor-widget elementor-widget-image\" data-id=\"98cb9a9\" data-element_type=\"widget\" data-widget_type=\"image.default\">\n\t\t\t\t<div class=\"elementor-widget-container\">\n\t\t\t\t\t\t\t\t\t\t\t\t\t\t\t<img fetchpriority=\"high\" decoding=\"async\" width=\"669\" height=\"376\" src=\"https:\/\/ghvburscheid1959.de\/wp-content\/uploads\/2024\/03\/Gruppentraining1.jpg\" class=\"attachment-medium_large size-medium_large wp-image-252\" alt=\"\" \/>\t\t\t\t\t\t\t\t\t\t\t\t\t\t\t<\/div>\n\t\t\t\t<\/div>\n\t\t\t\t<\/div>\n\t\t<div class=\"elementor-element elementor-element-6e7ec00 e-con-full e-flex e-con e-child\" data-id=\"6e7ec00\" data-element_type=\"container\">\n\t\t\t\t<div class=\"elementor-element elementor-element-1bb0076 elementor-widget elementor-widget-image\" data-id=\"1bb0076\" data-element_type=\"widget\" data-widget_type=\"image.default\">\n\t\t\t\t<div class=\"elementor-widget-container\">\n\t\t\t\t\t\t\t\t\t\t\t\t\t\t\t<img decoding=\"async\" width=\"736\" height=\"414\" src=\"https:\/\/ghvburscheid1959.de\/wp-content\/uploads\/2024\/03\/Gruppentraining2.jpg\" class=\"attachment-medium_large size-medium_large wp-image-253\" alt=\"\" \/>\t\t\t\t\t\t\t\t\t\t\t\t\t\t\t<\/div>\n\t\t\t\t<\/div>\n\t\t\t\t<\/div>\n\t\t\t\t\t<\/div>\n\t\t\t\t<\/div>\n\t\t<div class=\"elementor-element elementor-element-a00c104 e-flex e-con-boxed e-con e-parent\" data-id=\"a00c104\" data-element_type=\"container\">\n\t\t\t\t\t<div class=\"e-con-inner\">\n\t\t\t\t<div class=\"elementor-element elementor-element-968b134 elementor-widget elementor-widget-spacer\" data-id=\"968b134\" data-element_type=\"widget\" data-widget_type=\"spacer.default\">\n\t\t\t\t<div class=\"elementor-widget-container\">\n\t\t\t\t\t\t\t<div class=\"elementor-spacer\">\n\t\t\t<div class=\"elementor-spacer-inner\"><\/div>\n\t\t<\/div>\n\t\t\t\t\t\t<\/div>\n\t\t\t\t<\/div>\n\t\t\t\t<div class=\"elementor-element elementor-element-a0635c0 elementor-widget-divider--view-line elementor-widget elementor-widget-divider\" data-id=\"a0635c0\" data-element_type=\"widget\" data-widget_type=\"divider.default\">\n\t\t\t\t<div class=\"elementor-widget-container\">\n\t\t\t\t\t\t\t<div class=\"elementor-divider\">\n\t\t\t<span class=\"elementor-divider-separator\">\n\t\t\t\t\t\t<\/span>\n\t\t<\/div>\n\t\t\t\t\t\t<\/div>\n\t\t\t\t<\/div>\n\t\t\t\t<div class=\"elementor-element elementor-element-748fbe8 elementor-widget elementor-widget-heading\" data-id=\"748fbe8\" data-element_type=\"widget\" data-widget_type=\"heading.default\">\n\t\t\t\t<div class=\"elementor-widget-container\">\n\t\t\t\t\t<h2 class=\"elementor-heading-title elementor-size-default\">Au\u00dfentraining<\/h2>\t\t\t\t<\/div>\n\t\t\t\t<\/div>\n\t\t\t\t\t<\/div>\n\t\t\t\t<\/div>\n\t\t<div class=\"elementor-element elementor-element-e43d0b5 e-flex e-con-boxed e-con e-parent\" data-id=\"e43d0b5\" data-element_type=\"container\">\n\t\t\t\t\t<div class=\"e-con-inner\">\n\t\t\t\t<div class=\"elementor-element elementor-element-7a7dbbd elementor-widget elementor-widget-text-editor\" data-id=\"7a7dbbd\" data-element_type=\"widget\" data-widget_type=\"text-editor.default\">\n\t\t\t\t<div class=\"elementor-widget-container\">\n\t\t\t\t\t\t\t\t\t<p>Sehr beliebt bei den Mitgliedern ist auch unser Au\u00dfentraining.<\/p><p>In regelm\u00e4\u00dfigen Abst\u00e4nden bieten wir das Gruppentraining au\u00dferhalb des Vereinsgel\u00e4ndes an, welches sich mal als <strong>Stadttraining\u00a0<\/strong>und mal als\u00a0<strong>Social Walk <\/strong>gestaltet.<\/p><p>Wir gehen durch Fu\u00dfg\u00e4ngerzonen, Stra\u00dfen und die Natur (trainieren die Begegnung mit fremden Hunden, Menschen, Kinderl\u00e4rm und anderen Au\u00dfenreizen), um dort die Alltagssituationen zu \u00fcben, die auch im Kapitel &#8222;Stadtteil&#8220; der Begleithunde-Pr\u00fcfung erwartet werden.<\/p><p>Der abschlie\u00dfende Besuch eines Caf\u00e9s oder Biergartens erfreut besonders die Menschen &#8211; und die Hunde lernen ganz nebenbei das Ablegen an einem fremden Ort.<\/p>\t\t\t\t\t\t\t\t<\/div>\n\t\t\t\t<\/div>\n\t\t\t\t\t<\/div>\n\t\t\t\t<\/div>\n\t\t<div class=\"elementor-element elementor-element-6650d53 e-flex e-con-boxed e-con e-parent\" data-id=\"6650d53\" data-element_type=\"container\">\n\t\t\t\t\t<div class=\"e-con-inner\">\n\t\t<div class=\"elementor-element elementor-element-0c78c8d e-con-full e-flex e-con e-child\" data-id=\"0c78c8d\" data-element_type=\"container\">\n\t\t\t\t<div class=\"elementor-element elementor-element-e1a1986 elementor-widget elementor-widget-image\" data-id=\"e1a1986\" data-element_type=\"widget\" data-widget_type=\"image.default\">\n\t\t\t\t<div class=\"elementor-widget-container\">\n\t\t\t\t\t\t\t\t\t\t\t\t\t\t\t<img decoding=\"async\" width=\"363\" height=\"272\" src=\"https:\/\/ghvburscheid1959.de\/wp-content\/uploads\/2024\/06\/Screenshot-2024-06-19-at-21-47-59-AnmerkungenKorrekturen-HP-GHV.pdf.png\" class=\"attachment-medium_large size-medium_large wp-image-365\" alt=\"\" srcset=\"https:\/\/ghvburscheid1959.de\/wp-content\/uploads\/2024\/06\/Screenshot-2024-06-19-at-21-47-59-AnmerkungenKorrekturen-HP-GHV.pdf.png 363w, https:\/\/ghvburscheid1959.de\/wp-content\/uploads\/2024\/06\/Screenshot-2024-06-19-at-21-47-59-AnmerkungenKorrekturen-HP-GHV.pdf-300x225.png 300w\" sizes=\"(max-width: 363px) 100vw, 363px\" \/>\t\t\t\t\t\t\t\t\t\t\t\t\t\t\t<\/div>\n\t\t\t\t<\/div>\n\t\t\t\t<\/div>\n\t\t<div class=\"elementor-element elementor-element-a96bef3 e-con-full e-flex e-con e-child\" data-id=\"a96bef3\" data-element_type=\"container\">\n\t\t\t\t<div class=\"elementor-element elementor-element-3534148 elementor-widget elementor-widget-image\" data-id=\"3534148\" data-element_type=\"widget\" data-widget_type=\"image.default\">\n\t\t\t\t<div class=\"elementor-widget-container\">\n\t\t\t\t\t\t\t\t\t\t\t\t\t\t\t<img loading=\"lazy\" decoding=\"async\" width=\"221\" height=\"294\" src=\"https:\/\/ghvburscheid1959.de\/wp-content\/uploads\/2024\/06\/Screenshot-2024-06-19-at-21-48-56-AnmerkungenKorrekturen-HP-GHV.pdf.png\" class=\"attachment-medium size-medium wp-image-366\" alt=\"\" \/>\t\t\t\t\t\t\t\t\t\t\t\t\t\t\t<\/div>\n\t\t\t\t<\/div>\n\t\t\t\t<\/div>\n\t\t<div class=\"elementor-element elementor-element-32993bf e-con-full e-flex e-con e-child\" data-id=\"32993bf\" data-element_type=\"container\">\n\t\t\t\t<div class=\"elementor-element elementor-element-b06281e elementor-widget elementor-widget-image\" data-id=\"b06281e\" data-element_type=\"widget\" data-widget_type=\"image.default\">\n\t\t\t\t<div class=\"elementor-widget-container\">\n\t\t\t\t\t\t\t\t\t\t\t\t\t\t\t<img loading=\"lazy\" decoding=\"async\" width=\"657\" height=\"369\" src=\"https:\/\/ghvburscheid1959.de\/wp-content\/uploads\/2024\/03\/Aussentraining3.jpg\" class=\"attachment-medium_large size-medium_large wp-image-254\" alt=\"\" \/>\t\t\t\t\t\t\t\t\t\t\t\t\t\t\t<\/div>\n\t\t\t\t<\/div>\n\t\t\t\t<\/div>\n\t\t<div class=\"elementor-element elementor-element-67aa9a9 e-con-full e-flex e-con e-child\" data-id=\"67aa9a9\" data-element_type=\"container\">\n\t\t\t\t<div class=\"elementor-element elementor-element-378ab6a elementor-widget elementor-widget-image\" data-id=\"378ab6a\" data-element_type=\"widget\" data-widget_type=\"image.default\">\n\t\t\t\t<div class=\"elementor-widget-container\">\n\t\t\t\t\t\t\t\t\t\t\t\t\t\t\t<img loading=\"lazy\" decoding=\"async\" width=\"657\" height=\"369\" src=\"https:\/\/ghvburscheid1959.de\/wp-content\/uploads\/2024\/03\/Aussentraining1.jpg\" class=\"attachment-medium_large size-medium_large wp-image-250\" alt=\"\" \/>\t\t\t\t\t\t\t\t\t\t\t\t\t\t\t<\/div>\n\t\t\t\t<\/div>\n\t\t\t\t<\/div>\n\t\t\t\t\t<\/div>\n\t\t\t\t<\/div>\n\t\t\t\t<\/div>\n\t\t","protected":false},"excerpt":{"rendered":"<p>Einzeltraining Im Einzeltraining konzentrieren wir uns ganz auf das Mensch- Hund- Team und bereiten Euch auf die Begleithundepr\u00fcfung vor. Gruppentraining In der Gruppe \u00fcben wir gruppendynamische Abl\u00e4ufe des Grundgehorsams. Gemeinsam st\u00e4rken wir das sozialvertr\u00e4gliche Verhalten Deines Hundes und f\u00f6rdern die Bindung zwischen dem Mensch-Hund-Team. Bei den \u00dcbungen in unserem Training lassen wir alle Sequenzen der [&hellip;]<\/p>\n","protected":false},"author":1,"featured_media":0,"parent":88,"menu_order":0,"comment_status":"closed","ping_status":"closed","template":"","meta":{"footnotes":""},"class_list":["post-134","page","type-page","status-publish","hentry"],"aioseo_notices":[],"_links":{"self":[{"href":"https:\/\/ghvburscheid1959.de\/index.php\/wp-json\/wp\/v2\/pages\/134","targetHints":{"allow":["GET"]}}],"collection":[{"href":"https:\/\/ghvburscheid1959.de\/index.php\/wp-json\/wp\/v2\/pages"}],"about":[{"href":"https:\/\/ghvburscheid1959.de\/index.php\/wp-json\/wp\/v2\/types\/page"}],"author":[{"embeddable":true,"href":"https:\/\/ghvburscheid1959.de\/index.php\/wp-json\/wp\/v2\/users\/1"}],"replies":[{"embeddable":true,"href":"https:\/\/ghvburscheid1959.de\/index.php\/wp-json\/wp\/v2\/comments?post=134"}],"version-history":[{"count":25,"href":"https:\/\/ghvburscheid1959.de\/index.php\/wp-json\/wp\/v2\/pages\/134\/revisions"}],"predecessor-version":[{"id":674,"href":"https:\/\/ghvburscheid1959.de\/index.php\/wp-json\/wp\/v2\/pages\/134\/revisions\/674"}],"up":[{"embeddable":true,"href":"https:\/\/ghvburscheid1959.de\/index.php\/wp-json\/wp\/v2\/pages\/88"}],"wp:attachment":[{"href":"https:\/\/ghvburscheid1959.de\/index.php\/wp-json\/wp\/v2\/media?parent=134"}],"curies":[{"name":"wp","href":"https:\/\/api.w.org\/{rel}","templated":true}]}}